{"id":127,"date":"2016-06-21T15:25:10","date_gmt":"2016-06-21T15:25:10","guid":{"rendered":"http:\/\/themebubble.com\/demo\/adios\/?page_id=127"},"modified":"2024-08-02T11:22:14","modified_gmt":"2024-08-02T11:22:14","slug":"home","status":"publish","type":"page","link":"https:\/\/teesinthebox.com\/fr\/","title":{"rendered":"Maison"},"content":{"rendered":"<section  class=\"section no\" style=\" background-position:center center;\"><div class=\"row\"><div class=\"wpb_column col-md-12 have-padding\">\n\t\t\t<!-- START Slider 1 REVOLUTION SLIDER 6.7.11 --><p class=\"rs-p-wp-fix\"><\/p>\n\t\t\t<rs-module-wrap id=\"rev_slider_1_1_wrapper\" data-source=\"gallery\" style=\"visibility:hidden;background:transparent;padding:0;margin:0px auto;margin-top:0;margin-bottom:0;\">\n\t\t\t\t<rs-module id=\"rev_slider_1_1\" style=\"\" data-version=\"6.7.11\">\n\t\t\t\t\t<rs-slides style=\"overflow: hidden; position: absolute;\">\n\t\t\t\t\t\t<rs-slide style=\"position: absolute;\" data-key=\"rs-1\" data-title=\"Slide\" data-thumb=\"\/\/teesinthebox.com\/wp-content\/uploads\/2024\/05\/1o-banner-50x100.jpg\" data-in=\"o:0;\" data-out=\"a:false;\">\n\t\t\t\t\t\t\t<img decoding=\"async\" src=\"\/\/teesinthebox.com\/beqeled\/revslider\/sr6\/assets\/assets\/dummy.png\" alt=\"\" title=\"1o-banner\" width=\"1080\" height=\"720\" class=\"rev-slidebg tp-rs-img rs-lazyload\" data-lazyload=\"\/\/teesinthebox.com\/wp-content\/uploads\/2024\/05\/1o-banner.jpg\" data-no-retina>\n<!--\n\t\t\t\t\t\t\t--><rs-layer\n\t\t\t\t\t\t\t\tid=\"slider-1-slide-1-layer-0\" \n\t\t\t\t\t\t\t\tdata-type=\"text\"\n\t\t\t\t\t\t\t\tdata-color=\"#fff\"\n\t\t\t\t\t\t\t\tdata-tsh=\"c:rgba(0,0,0,0.75);h:7px,7px,7px,1px;v:7px,7px,7px,1px;b:10px,10px,10px,3px;\"\n\t\t\t\t\t\t\t\tdata-rsp_ch=\"on\"\n\t\t\t\t\t\t\t\tdata-xy=\"xo:58px,58px,58px,35px;y:m;yo:20px,20px,20px,8px;\"\n\t\t\t\t\t\t\t\tdata-text=\"w:normal;s:30,30,30,17;l:35,35,35,19;fw:500;\"\n\t\t\t\t\t\t\t\tdata-dim=\"minh:0px,0px,0px,none;\"\n\t\t\t\t\t\t\t\tdata-frame_0=\"x:0,0,0,0px;y:0,0,0,0px;\"\n\t\t\t\t\t\t\t\tdata-frame_1=\"x:0,0,0,0px;y:0,0,0,0px;\"\n\t\t\t\t\t\t\t\tdata-frame_999=\"o:0;st:w;\"\n\t\t\t\t\t\t\t\tstyle=\"z-index:7;font-family:'Roboto';text-transform:uppercase;\"\n\t\t\t\t\t\t\t>NOTRE PASSION POUR LE DENIM<br \/>\nLE SOIN QUE NOUS PORTONS \u00c0 NOS CLIENTS<br \/>\nNOTRE SENSIBILIT\u00c9 \u00c9CO-RESPONSABLE \n\t\t\t\t\t\t\t<\/rs-layer><!--\n\n\t\t\t\t\t\t\t--><rs-layer\n\t\t\t\t\t\t\t\tid=\"slider-1-slide-1-layer-1\" \n\t\t\t\t\t\t\t\tdata-type=\"text\"\n\t\t\t\t\t\t\t\tdata-color=\"#fff\"\n\t\t\t\t\t\t\t\tdata-tsh=\"c:rgba(0,0,0,0.75);h:7px,7px,7px,1px;v:7px,7px,7px,1px;b:10px,10px,10px,3px;\"\n\t\t\t\t\t\t\t\tdata-rsp_ch=\"on\"\n\t\t\t\t\t\t\t\tdata-xy=\"xo:58px,58px,58px,35px;y:m;yo:-84px,-84px,-84px,-64px;\"\n\t\t\t\t\t\t\t\tdata-text=\"w:normal;s:60,60,60,47;l:50,50,50,41;fw:500;\"\n\t\t\t\t\t\t\t\tdata-dim=\"minh:0px,0px,0px,none;\"\n\t\t\t\t\t\t\t\tdata-frame_0=\"x:0,0,0,0px;y:0,0,0,0px;\"\n\t\t\t\t\t\t\t\tdata-frame_1=\"x:0,0,0,0px;y:0,0,0,0px;\"\n\t\t\t\t\t\t\t\tdata-frame_999=\"o:0;st:w;\"\n\t\t\t\t\t\t\t\tstyle=\"z-index:6;font-family:'Roboto';text-transform:uppercase;\"\n\t\t\t\t\t\t\t>T'sINTHEBOX \n\t\t\t\t\t\t\t<\/rs-layer><!--\n-->\t\t\t\t\t<\/rs-slide>\n\t\t\t\t\t\t<rs-slide style=\"position: absolute;\" data-key=\"rs-2\" data-title=\"Slide\" data-thumb=\"\/\/teesinthebox.com\/wp-content\/uploads\/2024\/05\/2o-banner-50x100.jpg\" data-in=\"o:0;\" data-out=\"a:false;\">\n\t\t\t\t\t\t\t<img decoding=\"async\" src=\"\/\/teesinthebox.com\/beqeled\/revslider\/sr6\/assets\/assets\/dummy.png\" alt=\"\" title=\"2o-banner\" width=\"1080\" height=\"720\" class=\"rev-slidebg tp-rs-img rs-lazyload\" data-lazyload=\"\/\/teesinthebox.com\/wp-content\/uploads\/2024\/05\/2o-banner.jpg\" data-no-retina>\n<!--\n\t\t\t\t\t\t\t--><rs-layer\n\t\t\t\t\t\t\t\tid=\"slider-1-slide-2-layer-0\" \n\t\t\t\t\t\t\t\tdata-type=\"text\"\n\t\t\t\t\t\t\t\tdata-color=\"#fff\"\n\t\t\t\t\t\t\t\tdata-tsh=\"c:rgba(0,0,0,0.75);h:7px,7px,7px,1px;v:7px,7px,7px,1px;b:10px,10px,10px,3px;\"\n\t\t\t\t\t\t\t\tdata-rsp_ch=\"on\"\n\t\t\t\t\t\t\t\tdata-xy=\"xo:57px,57px,57px,26px;y:m;yo:39px,39px,39px,14px;\"\n\t\t\t\t\t\t\t\tdata-text=\"w:normal;s:30,30,30,17;l:35,35,35,18;fw:500;\"\n\t\t\t\t\t\t\t\tdata-dim=\"minh:0px,0px,0px,none;\"\n\t\t\t\t\t\t\t\tdata-frame_0=\"x:0,0,0,0px;y:0,0,0,0px;\"\n\t\t\t\t\t\t\t\tdata-frame_1=\"x:0,0,0,0px;y:0,0,0,0px;\"\n\t\t\t\t\t\t\t\tdata-frame_999=\"o:0;st:w;\"\n\t\t\t\t\t\t\t\tstyle=\"z-index:7;font-family:'Roboto';text-transform:uppercase;\"\n\t\t\t\t\t\t\t>LIFE IS BORING WITHOUT MAKING YOUR OWN JEANS!<br \/>\nNOTRE OBJECTIF EST VOTRE R\u00c9USSITE \n\t\t\t\t\t\t\t<\/rs-layer><!--\n\n\t\t\t\t\t\t\t--><rs-layer\n\t\t\t\t\t\t\t\tid=\"slider-1-slide-2-layer-1\" \n\t\t\t\t\t\t\t\tdata-type=\"text\"\n\t\t\t\t\t\t\t\tdata-color=\"#fff\"\n\t\t\t\t\t\t\t\tdata-tsh=\"c:rgba(0,0,0,0.75);h:7px,7px,7px,1px;v:7px,7px,7px,1px;b:10px,10px,10px,3px;\"\n\t\t\t\t\t\t\t\tdata-rsp_ch=\"on\"\n\t\t\t\t\t\t\t\tdata-xy=\"xo:58px,58px,58px,24px;y:m;yo:-43px,-43px,-43px,-35px;\"\n\t\t\t\t\t\t\t\tdata-text=\"w:normal;s:60,60,60,47;l:50,50,50,35;fw:500;\"\n\t\t\t\t\t\t\t\tdata-dim=\"minh:0px,0px,0px,none;\"\n\t\t\t\t\t\t\t\tdata-frame_0=\"x:0,0,0,0px;y:0,0,0,0px;\"\n\t\t\t\t\t\t\t\tdata-frame_1=\"x:0,0,0,0px;y:0,0,0,0px;\"\n\t\t\t\t\t\t\t\tdata-frame_999=\"o:0;st:w;\"\n\t\t\t\t\t\t\t\tstyle=\"z-index:6;font-family:'Roboto';text-transform:uppercase;\"\n\t\t\t\t\t\t\t>DENIM \n\t\t\t\t\t\t\t<\/rs-layer><!--\n-->\t\t\t\t\t<\/rs-slide>\n\t\t\t\t\t\t<rs-slide style=\"position: absolute;\" data-key=\"rs-3\" data-title=\"Slide\" data-thumb=\"\/\/teesinthebox.com\/wp-content\/uploads\/2024\/05\/3o-banner-50x100.jpg\" data-in=\"o:0;\" data-out=\"a:false;\">\n\t\t\t\t\t\t\t<img decoding=\"async\" src=\"\/\/teesinthebox.com\/beqeled\/revslider\/sr6\/assets\/assets\/dummy.png\" alt=\"\" title=\"3o-banner\" width=\"1080\" height=\"720\" class=\"rev-slidebg tp-rs-img rs-lazyload\" data-lazyload=\"\/\/teesinthebox.com\/wp-content\/uploads\/2024\/05\/3o-banner.jpg\" data-no-retina>\n<!--\n\t\t\t\t\t\t\t--><rs-layer\n\t\t\t\t\t\t\t\tid=\"slider-1-slide-3-layer-0\" \n\t\t\t\t\t\t\t\tdata-type=\"text\"\n\t\t\t\t\t\t\t\tdata-color=\"#fff\"\n\t\t\t\t\t\t\t\tdata-tsh=\"c:rgba(0,0,0,0.75);h:7px,7px,7px,1px;v:7px,7px,7px,1px;b:10px,10px,10px,3px;\"\n\t\t\t\t\t\t\t\tdata-rsp_ch=\"on\"\n\t\t\t\t\t\t\t\tdata-xy=\"xo:58px,58px,58px,20px;y:m;yo:-11px,-11px,-11px,-9px;\"\n\t\t\t\t\t\t\t\tdata-text=\"w:normal;s:30,30,30,17;l:35,35,35,12;fw:500;\"\n\t\t\t\t\t\t\t\tdata-dim=\"minh:0px,0px,0px,none;\"\n\t\t\t\t\t\t\t\tdata-frame_999=\"o:0;st:w;\"\n\t\t\t\t\t\t\t\tstyle=\"z-index:7;font-family:'Roboto';text-transform:uppercase;\"\n\t\t\t\t\t\t\t>TRADITION AU SERVICE DE LA QUALIT\u00c9 \n\t\t\t\t\t\t\t<\/rs-layer><!--\n\n\t\t\t\t\t\t\t--><rs-layer\n\t\t\t\t\t\t\t\tid=\"slider-1-slide-3-layer-1\" \n\t\t\t\t\t\t\t\tdata-type=\"text\"\n\t\t\t\t\t\t\t\tdata-color=\"#fff\"\n\t\t\t\t\t\t\t\tdata-tsh=\"c:rgba(0,0,0,0.75);h:7px,7px,7px,1px;v:7px,7px,7px,1px;b:10px,10px,10px,3px;\"\n\t\t\t\t\t\t\t\tdata-rsp_ch=\"on\"\n\t\t\t\t\t\t\t\tdata-xy=\"xo:58px,58px,58px,17px;y:m;yo:-60px,-60px,-60px,-50px;\"\n\t\t\t\t\t\t\t\tdata-text=\"w:normal;s:60,60,60,46;l:50,50,50,19;fw:500;\"\n\t\t\t\t\t\t\t\tdata-dim=\"minh:0px,0px,0px,none;\"\n\t\t\t\t\t\t\t\tdata-frame_999=\"o:0;st:w;\"\n\t\t\t\t\t\t\t\tstyle=\"z-index:6;font-family:'Roboto';text-transform:uppercase;\"\n\t\t\t\t\t\t\t>MADE IN PORTUGAL \n\t\t\t\t\t\t\t<\/rs-layer><!--\n-->\t\t\t\t\t<\/rs-slide>\n\t\t\t\t\t<\/rs-slides>\n\t\t\t\t<\/rs-module>\n\t\t\t\t<script>\n\t\t\t\t\tsetREVStartSize({c: 'rev_slider_1_1',rl:[1240,1240,1240,480],el:[860,860,860,720],gw:[1240,1240,1240,480],gh:[860,860,860,720],type:'standard',justify:'',layout:'fullwidth',mh:\"0\"});if (window.RS_MODULES!==undefined && window.RS_MODULES.modules!==undefined && window.RS_MODULES.modules[\"revslider11\"]!==undefined) {window.RS_MODULES.modules[\"revslider11\"].once = false;window.revapi1 = undefined;if (window.RS_MODULES.checkMinimal!==undefined) window.RS_MODULES.checkMinimal()}\n\t\t\t\t<\/script>\n\t\t\t<\/rs-module-wrap>\n\t\t\t<!-- END REVOLUTION SLIDER -->\n<\/div><\/div><\/section><section  class=\"section no pt-40 pb-100\"><div class=\"row\"><div class=\"wpb_column col-md-2 col-sm-3 have-padding\"><div class=\"item-padd-mob section-text text-block\" ><div class=\"simple-text md\"><div class=\"title-style-2 text-next\">\n<div class=\"sub-title\">\n<h5>Qui sommes-nous<\/h5>\n<\/div>\n<\/div>\n<\/div><\/div><\/div><div class=\"wpb_column col-md-6 col-sm-9 have-padding\"><div class=\"item-padd-mob section-text text-block\" ><div class=\"simple-text md\"><div class=\"simple-text md\">\n<p>T\u2019S in The Box a \u00e9t\u00e9 cr\u00e9\u00e9e pour explorer le potentiel de cette mati\u00e8re premi\u00e8re unique appel\u00e9e DENIM.<\/p>\n<p><a class=\"link-type-1\" href=\"https:\/\/teesinthebox.com\/fr\/sobre-nos\/\"><span style=\"vertical-align: inherit\"><span style=\"vertical-align: inherit\">Voir plus<\/span><\/span><\/a><\/div>\n<\/div><\/div><\/div><\/div><\/section><section  class=\"section stretch_row_only fullwidth pb-100  vc_custom_1709305422590\"><div class=\"container\"><div class=\"row\"><div class=\"wpb_column col-md-12 col-sm-12 col-xs-12 wow zoomIn have-padding\" data-wow-delay=\"0.2s\"><h1  class=\"special-text custom-font-properties-1775361638-469512059\"><div style=\"width: 1140px;\" class=\"wp-video\"><!--[if lt IE 9]><script>document.createElement('video');<\/script><![endif]-->\n<video class=\"wp-video-shortcode\" id=\"video-127-1\" width=\"1140\" height=\"641\" loop=\"1\" autoplay=\"1\" preload=\"auto\" controls=\"controls\"><source type=\"video\/mp4\" src=\"https:\/\/teesinthebox.com\/VIDEO.mp4?_=1\" \/><a href=\"https:\/\/teesinthebox.com\/VIDEO.mp4\">https:\/\/teesinthebox.com\/VIDEO.mp4<\/a><\/video><\/div><\/h1><\/div><\/div><\/div><\/section><section  class=\"section stretch_row_only fullwidth pt-100 pb-100  vc_custom_1709305402314\"><div class=\"container\"><div class=\"row\"><div class=\"wpb_column col-md-2 col-sm-3 wow zoomIn have-padding\" data-wow-delay=\"0.2s\"><div class=\"item-padd-mob section-text text-block\" ><div class=\"simple-text md\"><div class=\"title-style-2 text-next\">\n<div class=\"sub-title\">\n<h5>Voir ce qui se passe dans le monde de la mode<\/h5>\n<\/div>\n<\/div>\n<\/div><\/div><\/div><div class=\"wpb_column col-md-4 col-sm-9 have-padding\"><div class=\"item-padd-mob section-text text-block\" ><div class=\"simple-text md\"><div class=\"simple-text md\">\n<p>Restez \u00e0 l'\u00e9coute pour les derni\u00e8res mises \u00e0 jour de notre usine textile ! Nos actualit\u00e9s sont r\u00e9guli\u00e8rement mises \u00e0 jour pour vous tenir inform\u00e9 de tout ce qui se passe dans le monde du denim.\n<\/p><\/div>\n<p><a class=\"link-type-1\" href=\"https:\/\/teesinthebox.com\/fr\/noticias\/\"><span style=\"vertical-align: inherit\"><span style=\"vertical-align: inherit\">Afficher plus<\/span><\/span><\/a><\/p>\n<\/div><\/div><\/div><div class=\"wpb_column col-md-6 col-sm-12 have-padding\">\r\n  <div class=\"ls-blog\">\r\n          <div class=\"twit-item wow zoomIn\" data-wow-delay=\"0.4s\">\r\n        <img loading=\"lazy\" decoding=\"async\" width=\"670\" height=\"255\" src=\"https:\/\/teesinthebox.com\/wp-content\/uploads\/2024\/07\/164677008-670x255.webp\" class=\"resp-img wp-post-image\" alt=\"\" srcset=\"https:\/\/teesinthebox.com\/wp-content\/uploads\/2024\/07\/164677008-670x255.webp 670w, https:\/\/teesinthebox.com\/wp-content\/uploads\/2024\/07\/164677008-1463x560.webp 1463w\" sizes=\"(max-width: 670px) 100vw, 670px\" \/>        <div class=\"twit-desc\">\r\n         <h2 class=\"h2 title\"><a href=\"https:\/\/teesinthebox.com\/fr\/2024\/07\/03\/this-hermes-bag-designed-by-jane-birkin-is-undoubtedly-the-most-famous-in-the-world\/\">Ce sac Herm\u00e8s que l'on doit \u00e0 Jane Birkin est sans conteste le plus c\u00e9l\u00e8bre du monde<\/a><\/h2>\r\n           <div class=\"twit-author\">\r\n            <img alt='' src='https:\/\/secure.gravatar.com\/avatar\/bd9e84877c5d48e09238ff9b9166a2cf?s=45&#038;d=mm&#038;r=g' srcset='https:\/\/secure.gravatar.com\/avatar\/bd9e84877c5d48e09238ff9b9166a2cf?s=90&#038;d=mm&#038;r=g 2x' class='media-object img-responsive img-circle avatar-45 photo' height='45' width='45' \/>              <div class=\"post-txt\">\r\n                <h6 class=\"h6\"><a href=\"https:\/\/teesinthebox.com\/fr\/author\/webunify-pt\/\">web@unify.pt<\/a><\/h6>\r\n                <p>In <a href=\"https:\/\/teesinthebox.com\/fr\/category\/sem-categoria\/\" rel=\"category tag\">Sem categoria<\/a> Posted <span class=\"post-date\">juillet 03, 2024<\/span><\/p>\r\n              <\/div>\r\n           <\/div>\r\n        <\/div>\r\n      <\/div>\r\n          <div class=\"twit-item wow zoomIn\" data-wow-delay=\"0.4s\">\r\n        <img loading=\"lazy\" decoding=\"async\" width=\"670\" height=\"255\" src=\"https:\/\/teesinthebox.com\/wp-content\/uploads\/2024\/07\/cvK6z4XKT2tWJuxqVhZJcV-768-80.jpg-670x255.webp\" class=\"resp-img wp-post-image\" alt=\"\" \/>        <div class=\"twit-desc\">\r\n         <h2 class=\"h2 title\"><a href=\"https:\/\/teesinthebox.com\/fr\/2024\/07\/03\/citizens-of-humanity-launches-jeans-made-from-regenerative-cotton\/\">Citizens of Humanity lance un jean fabriqu\u00e9 \u00e0 partir de coton r\u00e9g\u00e9n\u00e9r\u00e9<\/a><\/h2>\r\n           <div class=\"twit-author\">\r\n            <img alt='' src='https:\/\/secure.gravatar.com\/avatar\/bd9e84877c5d48e09238ff9b9166a2cf?s=45&#038;d=mm&#038;r=g' srcset='https:\/\/secure.gravatar.com\/avatar\/bd9e84877c5d48e09238ff9b9166a2cf?s=90&#038;d=mm&#038;r=g 2x' class='media-object img-responsive img-circle avatar-45 photo' height='45' width='45' \/>              <div class=\"post-txt\">\r\n                <h6 class=\"h6\"><a href=\"https:\/\/teesinthebox.com\/fr\/author\/webunify-pt\/\">web@unify.pt<\/a><\/h6>\r\n                <p>In <a href=\"https:\/\/teesinthebox.com\/fr\/category\/sem-categoria\/\" rel=\"category tag\">Sem categoria<\/a> Posted <span class=\"post-date\">juillet 03, 2024<\/span><\/p>\r\n              <\/div>\r\n           <\/div>\r\n        <\/div>\r\n      <\/div>\r\n      <\/div>\r\n\r\n  <\/div><\/div><\/div><\/section>","protected":false},"excerpt":{"rendered":"The production of denim has a significant impact on our planet, not least because of the chemical-intensive and soil-degrading method of growing cotton. Citizens of Humanity's\u00a0Regenerative Cotton\u00a0campaign \u2013 fronted by supermodel and environmentalist Shalom Harlow \u2013 seeks to address this. The iconic denim brand has teamed up with Advancing Eco Agriculture to develop a data-measured [...]","protected":false},"author":1,"featured_media":0,"parent":0,"menu_order":0,"comment_status":"closed","ping_status":"closed","template":"","meta":{"_monsterinsights_skip_tracking":false,"_monsterinsights_sitenote_active":false,"_monsterinsights_sitenote_note":"","_monsterinsights_sitenote_category":0,"footnotes":""},"class_list":["post-127","page","type-page","status-publish","hentry"],"aioseo_notices":[],"_links":{"self":[{"href":"https:\/\/teesinthebox.com\/fr\/wp-json\/wp\/v2\/pages\/127"}],"collection":[{"href":"https:\/\/teesinthebox.com\/fr\/wp-json\/wp\/v2\/pages"}],"about":[{"href":"https:\/\/teesinthebox.com\/fr\/wp-json\/wp\/v2\/types\/page"}],"author":[{"embeddable":true,"href":"https:\/\/teesinthebox.com\/fr\/wp-json\/wp\/v2\/users\/1"}],"replies":[{"embeddable":true,"href":"https:\/\/teesinthebox.com\/fr\/wp-json\/wp\/v2\/comments?post=127"}],"version-history":[{"count":119,"href":"https:\/\/teesinthebox.com\/fr\/wp-json\/wp\/v2\/pages\/127\/revisions"}],"predecessor-version":[{"id":1784,"href":"https:\/\/teesinthebox.com\/fr\/wp-json\/wp\/v2\/pages\/127\/revisions\/1784"}],"wp:attachment":[{"href":"https:\/\/teesinthebox.com\/fr\/wp-json\/wp\/v2\/media?parent=127"}],"curies":[{"name":"wp","href":"https:\/\/api.w.org\/{rel}","templated":true}]}}