{"id":1444,"date":"2024-03-13T21:30:05","date_gmt":"2024-03-13T21:30:05","guid":{"rendered":"https:\/\/teesinthebox.com\/?page_id=1444"},"modified":"2024-06-27T07:54:08","modified_gmt":"2024-06-27T07:54:08","slug":"what-we-do","status":"publish","type":"page","link":"https:\/\/teesinthebox.com\/fr\/what-we-do\/","title":{"rendered":"Ce que nous faisons"},"content":{"rendered":"<section  class=\"section no\"><div class=\"row\"><div class=\"wpb_column col-md-3 have-padding\"><div class=\"item-padd-mob section-text text-block\" ><div class=\"simple-text md\"><div class=\"title-style-2 text-next\">\n<div class=\"sub-title\">\n<h5>Recherche<\/h5>\n<\/div>\n<\/div>\n<\/div><\/div><\/div><div class=\"wpb_column col-md-9 have-padding\"><div class=\"item-padd-mob section-text text-block\" ><div class=\"simple-text md\"><p>En mettant l\u2019accent sur l\u2019innovation et la creativit\u00e9, nous proposons de nouveaux mat\u00e9riaux aussi bien que de nouvelles finitions.<\/p>\n<\/div><\/div>\n\t<div  class=\"wpb_single_image wpb_content_element vc_align_left  vc_custom_1716302208139\">\n\t\t\n\t\t<figure class=\"wpb_wrapper vc_figure\">\n\t\t\t<div class=\"vc_single_image-wrapper vc_box_shadow_3d  vc_box_border_grey\"><img loading=\"lazy\" decoding=\"async\" width=\"1080\" height=\"720\" src=\"https:\/\/teesinthebox.com\/wp-content\/uploads\/2024\/03\/DSC05834-1.jpg\" class=\"vc_single_image-img attachment-full\" alt=\"\" srcset=\"https:\/\/teesinthebox.com\/wp-content\/uploads\/2024\/03\/DSC05834-1.jpg 1080w, https:\/\/teesinthebox.com\/wp-content\/uploads\/2024\/03\/DSC05834-1-1024x683.jpg 1024w, https:\/\/teesinthebox.com\/wp-content\/uploads\/2024\/03\/DSC05834-1-768x512.jpg 768w, https:\/\/teesinthebox.com\/wp-content\/uploads\/2024\/03\/DSC05834-1-18x12.jpg 18w\" sizes=\"(max-width: 1080px) 100vw, 1080px\" \/><\/div>\n\t\t<\/figure>\n\t<\/div>\n<\/div><\/div><\/section><section  class=\"section no\"><div class=\"row\"><div class=\"wpb_column col-md-3 have-padding\"><div class=\"item-padd-mob section-text text-block\" ><div class=\"simple-text md\"><div class=\"title-style-2 text-next\">\n<div class=\"sub-title\">\n<h5>D\u00e9veloppement Produits<\/h5>\n<\/div>\n<\/div>\n<\/div><\/div><\/div><div class=\"wpb_column col-md-9 have-padding\"><div class=\"item-padd-mob section-text text-block\" ><div class=\"simple-text md\"><p>Nous offrons des solutions et des techniques de construction \u00e0 l\u2019avant-garde et prenons soin de toutes les phases de d\u00e9veloppement:<\/p>\n<p class=\"ql-block\" data-block-id=\"block-a024c119-25df-46fd-86fe-f9171c485a44\">Exp\u00e9rimentation, patronage et prototypage en accordant une grande attention au d\u00e9tail.<\/p>\n<\/div><\/div>\n<div class=\"vc_grid-container-wrapper vc_clearfix\">\n\t<div class=\"vc_grid-container vc_clearfix wpb_content_element vc_media_grid\" data-initial-loading-animation=\"fadeIn\" data-vc-grid-settings=\"{&quot;page_id&quot;:1444,&quot;style&quot;:&quot;all&quot;,&quot;action&quot;:&quot;vc_get_vc_grid_data&quot;,&quot;shortcode_id&quot;:&quot;1716302242980-d904ee4d-aa54-8&quot;,&quot;tag&quot;:&quot;vc_media_grid&quot;}\" data-vc-request=\"https:\/\/teesinthebox.com\/wp-admin\/admin-ajax.php\" data-vc-post-id=\"1444\" data-vc-public-nonce=\"e3ad98f265\">\n\t\t\n\t<\/div>\n<\/div><\/div><\/div><\/section><section  class=\"section no\"><div class=\"row\"><div class=\"wpb_column col-md-3 have-padding\"><div class=\"item-padd-mob section-text text-block\" ><div class=\"simple-text md\"><div class=\"title-style-2 text-next\">\n<div class=\"sub-title\">\n<h5>Production<\/h5>\n<\/div>\n<\/div>\n<\/div><\/div><\/div><div class=\"wpb_column col-md-9 have-padding\"><div class=\"item-padd-mob section-text text-block\" ><div class=\"simple-text md\"><p>Le flux des processus internes et externes est coordonn\u00e9 par une \u00e9quipe qui convertit toutes les informations en un plan de production.<\/p>\n<p class=\"ql-block\" data-block-id=\"block-1d3cd404-bc6a-4385-819c-da4d035da6ec\">Nos partenaires travaillent en symbiose avec notre \u00e9quipe en donnant la priorit\u00e9 \u00e0 une production responsable sans compromettre le savoir-faire de chaque cr\u00e9ation.<\/p>\n<\/div><\/div>\n<div class=\"vc_grid-container-wrapper vc_clearfix\">\n\t<div class=\"vc_grid-container vc_clearfix wpb_content_element vc_media_grid\" data-initial-loading-animation=\"fadeIn\" data-vc-grid-settings=\"{&quot;page_id&quot;:1444,&quot;style&quot;:&quot;all&quot;,&quot;action&quot;:&quot;vc_get_vc_grid_data&quot;,&quot;shortcode_id&quot;:&quot;1716302242981-fc3302e4-13f6-5&quot;,&quot;tag&quot;:&quot;vc_media_grid&quot;}\" data-vc-request=\"https:\/\/teesinthebox.com\/wp-admin\/admin-ajax.php\" data-vc-post-id=\"1444\" data-vc-public-nonce=\"e3ad98f265\">\n\t\t\n\t<\/div>\n<\/div><\/div><\/div><\/section><section  class=\"section no\"><div class=\"row\"><div class=\"wpb_column col-md-3 have-padding\"><div class=\"item-padd-mob section-text text-block\" ><div class=\"simple-text md\"><div class=\"title-style-2 text-next\">\n<div class=\"sub-title\">\n<h5>Qualit\u00e9 et\u00a0Contr\u00f4le<\/h5>\n<\/div>\n<\/div>\n<\/div><\/div><\/div><div class=\"wpb_column col-md-9 have-padding\"><div class=\"item-padd-mob section-text text-block\" ><div class=\"simple-text md\"><p>Une approche qui valorise les personnes et la qualit\u00e9 des produits. Tous nos partenaires sont directement suivis par nos experts qualit\u00e9.<\/p>\n<p class=\"ql-block\" data-block-id=\"block-52c731f6-faf5-408a-a748-a72d798524af\">L\u2019\u00e9change continu d\u2019informations est la garantie d\u2019un produit parfait.<\/p>\n<\/div><\/div>\n\t<div  class=\"wpb_single_image wpb_content_element vc_align_left  vc_custom_1716302254798\">\n\t\t\n\t\t<figure class=\"wpb_wrapper vc_figure\">\n\t\t\t<div class=\"vc_single_image-wrapper vc_box_shadow_3d  vc_box_border_grey\"><img loading=\"lazy\" decoding=\"async\" width=\"836\" height=\"720\" src=\"https:\/\/teesinthebox.com\/wp-content\/uploads\/2024\/03\/DSC05935-1.jpg\" class=\"vc_single_image-img attachment-full\" alt=\"\" srcset=\"https:\/\/teesinthebox.com\/wp-content\/uploads\/2024\/03\/DSC05935-1.jpg 836w, https:\/\/teesinthebox.com\/wp-content\/uploads\/2024\/03\/DSC05935-1-768x661.jpg 768w, https:\/\/teesinthebox.com\/wp-content\/uploads\/2024\/03\/DSC05935-1-14x12.jpg 14w\" sizes=\"(max-width: 836px) 100vw, 836px\" \/><\/div>\n\t\t<\/figure>\n\t<\/div>\n<\/div><\/div><\/section><section  class=\"section no\"><div class=\"row\"><div class=\"wpb_column col-md-12 have-padding\"><h1  class=\"special-text custom-font-properties-1775375256-135954644\">\n<div style=\"width: 1140px;\" class=\"wp-video\"><!--[if lt IE 9]><script>document.createElement('video');<\/script><![endif]-->\n<video class=\"wp-video-shortcode\" id=\"video-1444-1\" width=\"1140\" height=\"641\" loop=\"1\" autoplay=\"1\" preload=\"auto\" controls=\"controls\"><source type=\"video\/mp4\" src=\"https:\/\/teesinthebox.com\/VIDEO.mp4?_=1\" \/><a href=\"https:\/\/teesinthebox.com\/VIDEO.mp4\">https:\/\/teesinthebox.com\/VIDEO.mp4<\/a><\/video><\/div>\n<\/h1><\/div><\/div><\/section>","protected":false},"excerpt":{"rendered":"Research With a great emphasis on innovation and creativity we submit new materials and finishing techniques. Product Development We offer solutions and innovative construction techniques and take care of all product development phases: Experimentation, modeling and prototyping with attention to detail. Production The flow of internal and external processes is coordinated by a team who [...]","protected":false},"author":1,"featured_media":0,"parent":0,"menu_order":0,"comment_status":"closed","ping_status":"closed","template":"","meta":{"_monsterinsights_skip_tracking":false,"_monsterinsights_sitenote_active":false,"_monsterinsights_sitenote_note":"","_monsterinsights_sitenote_category":0,"footnotes":""},"class_list":["post-1444","page","type-page","status-publish","hentry"],"aioseo_notices":[],"_links":{"self":[{"href":"https:\/\/teesinthebox.com\/fr\/wp-json\/wp\/v2\/pages\/1444"}],"collection":[{"href":"https:\/\/teesinthebox.com\/fr\/wp-json\/wp\/v2\/pages"}],"about":[{"href":"https:\/\/teesinthebox.com\/fr\/wp-json\/wp\/v2\/types\/page"}],"author":[{"embeddable":true,"href":"https:\/\/teesinthebox.com\/fr\/wp-json\/wp\/v2\/users\/1"}],"replies":[{"embeddable":true,"href":"https:\/\/teesinthebox.com\/fr\/wp-json\/wp\/v2\/comments?post=1444"}],"version-history":[{"count":32,"href":"https:\/\/teesinthebox.com\/fr\/wp-json\/wp\/v2\/pages\/1444\/revisions"}],"predecessor-version":[{"id":1724,"href":"https:\/\/teesinthebox.com\/fr\/wp-json\/wp\/v2\/pages\/1444\/revisions\/1724"}],"wp:attachment":[{"href":"https:\/\/teesinthebox.com\/fr\/wp-json\/wp\/v2\/media?parent=1444"}],"curies":[{"name":"wp","href":"https:\/\/api.w.org\/{rel}","templated":true}]}}