{"id":1453,"date":"2024-03-13T22:27:15","date_gmt":"2024-03-13T22:27:15","guid":{"rendered":"https:\/\/teesinthebox.com\/?page_id=1453"},"modified":"2024-06-27T07:54:25","modified_gmt":"2024-06-27T07:54:25","slug":"why-us","status":"publish","type":"page","link":"https:\/\/teesinthebox.com\/fr\/why-us\/","title":{"rendered":"Pourquoi nous"},"content":{"rendered":"<section  class=\"section no\"><div class=\"row\"><div class=\"wpb_column col-md-3 have-padding\"><div class=\"item-padd-mob section-text text-block\" ><div class=\"simple-text md\"><div class=\"title-style-2 text-next\">\n<div class=\"sub-title\">\n<h5>Innovation<\/h5>\n<\/div>\n<\/div>\n<\/div><\/div><\/div><div class=\"wpb_column col-md-9 have-padding\"><div class=\"item-padd-mob section-text text-block\" ><div class=\"simple-text md\"><p>Our denim experts and constant investments in technical research guarantee high production standards and continuous innovation.<\/p>\n<\/div><\/div>\n\t<div  class=\"wpb_single_image wpb_content_element vc_align_left\">\n\t\t\n\t\t<figure class=\"wpb_wrapper vc_figure\">\n\t\t\t<div class=\"vc_single_image-wrapper vc_box_shadow_3d  vc_box_border_grey\"><img loading=\"lazy\" decoding=\"async\" width=\"2560\" height=\"2549\" src=\"https:\/\/teesinthebox.com\/wp-content\/uploads\/2024\/03\/DSC_0152-scaled.jpg\" class=\"vc_single_image-img attachment-full\" alt=\"\" srcset=\"https:\/\/teesinthebox.com\/wp-content\/uploads\/2024\/03\/DSC_0152-scaled.jpg 2560w, https:\/\/teesinthebox.com\/wp-content\/uploads\/2024\/03\/DSC_0152-1024x1019.jpg 1024w, https:\/\/teesinthebox.com\/wp-content\/uploads\/2024\/03\/DSC_0152-150x150.jpg 150w, https:\/\/teesinthebox.com\/wp-content\/uploads\/2024\/03\/DSC_0152-768x765.jpg 768w, https:\/\/teesinthebox.com\/wp-content\/uploads\/2024\/03\/DSC_0152-1536x1529.jpg 1536w, https:\/\/teesinthebox.com\/wp-content\/uploads\/2024\/03\/DSC_0152-2048x2039.jpg 2048w, https:\/\/teesinthebox.com\/wp-content\/uploads\/2024\/03\/DSC_0152-12x12.jpg 12w, https:\/\/teesinthebox.com\/wp-content\/uploads\/2024\/03\/DSC_0152-270x270.jpg 270w, https:\/\/teesinthebox.com\/wp-content\/uploads\/2024\/03\/DSC_0152-80x80.jpg 80w\" sizes=\"(max-width: 2560px) 100vw, 2560px\" \/><\/div>\n\t\t<\/figure>\n\t<\/div>\n<\/div><\/div><\/section><section  class=\"section no\"><div class=\"row\"><div class=\"wpb_column col-md-3 have-padding\"><div class=\"item-padd-mob section-text text-block\" ><div class=\"simple-text md\"><div class=\"title-style-2 text-next\">\n<div class=\"sub-title\">\n<h5>People<\/h5>\n<\/div>\n<\/div>\n<\/div><\/div><\/div><div class=\"wpb_column col-md-9 have-padding\"><div class=\"item-padd-mob section-text text-block\" ><div class=\"simple-text md\"><p class=\"ql-block\" data-block-id=\"block-22b4650e-27a7-4cbb-b33e-5c2798cacbc9\">Les personnes et leurs comp\u00e9tences repr\u00e9sentent la valeur ajout\u00e9e.<br \/>\nLe respect de tous nos collaborateurs impliqu\u00e9s dans   \nl\u00b4\u00e9volution de la production est notre priorit\u00e9.<\/p>\n<p class=\"ql-block\" data-block-id=\"block-3224a5d1-3311-4f41-aa2c-a0b81036b72c\">Notre attention \u00e0 la durabilit\u00e9 de la cha\u00eene d'approvisionnement est notre responsabilit\u00e9 envers nos partenaires et nos clients.<\/p>\n<\/div><\/div>\n<div class=\"vc_grid-container-wrapper vc_clearfix\">\n\t<div class=\"vc_grid-container vc_clearfix wpb_content_element vc_media_grid\" data-initial-loading-animation=\"fadeIn\" data-vc-grid-settings=\"{&quot;page_id&quot;:1453,&quot;style&quot;:&quot;all&quot;,&quot;action&quot;:&quot;vc_get_vc_grid_data&quot;,&quot;shortcode_id&quot;:&quot;1719065510528-b85532dcd74d4204df18968da0b15436-2&quot;,&quot;tag&quot;:&quot;vc_media_grid&quot;}\" data-vc-request=\"https:\/\/teesinthebox.com\/wp-admin\/admin-ajax.php\" data-vc-post-id=\"1453\" data-vc-public-nonce=\"e3ad98f265\">\n\t\t\n\t<\/div>\n<\/div><\/div><\/div><\/section><section  class=\"section no\"><div class=\"row\"><div class=\"wpb_column col-md-3 have-padding\"><div class=\"item-padd-mob section-text text-block\" ><div class=\"simple-text md\"><div class=\"title-style-2 text-next\">\n<div class=\"sub-title\">\n<h5>Experience<\/h5>\n<\/div>\n<\/div>\n<\/div><\/div><\/div><div class=\"wpb_column col-md-9 have-padding\"><div class=\"item-padd-mob section-text text-block\" ><div class=\"simple-text md\"><p>La confiance de nos clients est notre mission, notre savoir-faire nous permet de garantir l\u2019excellence de nos produits.<\/p>\n<\/div><\/div>\n\t<div  class=\"wpb_single_image wpb_content_element vc_align_left\">\n\t\t\n\t\t<figure class=\"wpb_wrapper vc_figure\">\n\t\t\t<div class=\"vc_single_image-wrapper vc_box_shadow_3d  vc_box_border_grey\"><img loading=\"lazy\" decoding=\"async\" width=\"1080\" height=\"720\" src=\"https:\/\/teesinthebox.com\/wp-content\/uploads\/2024\/03\/Imagem_home_texto_empresa-2.jpg\" class=\"vc_single_image-img attachment-full\" alt=\"\" srcset=\"https:\/\/teesinthebox.com\/wp-content\/uploads\/2024\/03\/Imagem_home_texto_empresa-2.jpg 1080w, https:\/\/teesinthebox.com\/wp-content\/uploads\/2024\/03\/Imagem_home_texto_empresa-2-1024x683.jpg 1024w, https:\/\/teesinthebox.com\/wp-content\/uploads\/2024\/03\/Imagem_home_texto_empresa-2-768x512.jpg 768w, https:\/\/teesinthebox.com\/wp-content\/uploads\/2024\/03\/Imagem_home_texto_empresa-2-18x12.jpg 18w\" sizes=\"(max-width: 1080px) 100vw, 1080px\" \/><\/div>\n\t\t<\/figure>\n\t<\/div>\n<\/div><\/div><\/section><section  class=\"section no\"><div class=\"row\"><div class=\"wpb_column col-md-12 have-padding\"><h1  class=\"special-text custom-font-properties-1775373994-1723368395\">\n<div style=\"width: 1140px;\" class=\"wp-video\"><!--[if lt IE 9]><script>document.createElement('video');<\/script><![endif]-->\n<video class=\"wp-video-shortcode\" id=\"video-1453-1\" width=\"1140\" height=\"641\" loop=\"1\" autoplay=\"1\" preload=\"auto\" controls=\"controls\"><source type=\"video\/mp4\" src=\"https:\/\/teesinthebox.com\/VIDEO.mp4?_=1\" \/><a href=\"https:\/\/teesinthebox.com\/VIDEO.mp4\">https:\/\/teesinthebox.com\/VIDEO.mp4<\/a><\/video><\/div>\n<\/h1><\/div><\/div><\/section>","protected":false},"excerpt":{"rendered":"Innovation Our denim experts and constant investments in technical research guarantee high production standards and continuous innovation. People People and their skills reprensent the added value. The respect of all our collaborators involved in the production process is our priority. Our attention to the sustainability of the supply chain is our responsibility towards our\u00a0partners\u00a0and our [...]","protected":false},"author":1,"featured_media":0,"parent":0,"menu_order":0,"comment_status":"closed","ping_status":"closed","template":"","meta":{"_monsterinsights_skip_tracking":false,"_monsterinsights_sitenote_active":false,"_monsterinsights_sitenote_note":"","_monsterinsights_sitenote_category":0,"footnotes":""},"class_list":["post-1453","page","type-page","status-publish","hentry"],"aioseo_notices":[],"_links":{"self":[{"href":"https:\/\/teesinthebox.com\/fr\/wp-json\/wp\/v2\/pages\/1453"}],"collection":[{"href":"https:\/\/teesinthebox.com\/fr\/wp-json\/wp\/v2\/pages"}],"about":[{"href":"https:\/\/teesinthebox.com\/fr\/wp-json\/wp\/v2\/types\/page"}],"author":[{"embeddable":true,"href":"https:\/\/teesinthebox.com\/fr\/wp-json\/wp\/v2\/users\/1"}],"replies":[{"embeddable":true,"href":"https:\/\/teesinthebox.com\/fr\/wp-json\/wp\/v2\/comments?post=1453"}],"version-history":[{"count":18,"href":"https:\/\/teesinthebox.com\/fr\/wp-json\/wp\/v2\/pages\/1453\/revisions"}],"predecessor-version":[{"id":1750,"href":"https:\/\/teesinthebox.com\/fr\/wp-json\/wp\/v2\/pages\/1453\/revisions\/1750"}],"wp:attachment":[{"href":"https:\/\/teesinthebox.com\/fr\/wp-json\/wp\/v2\/media?parent=1453"}],"curies":[{"name":"wp","href":"https:\/\/api.w.org\/{rel}","templated":true}]}}