{"id":3,"date":"2023-04-11T10:03:49","date_gmt":"2023-04-11T10:03:49","guid":{"rendered":"https:\/\/teesinthebox.com\/?page_id=3"},"modified":"2024-08-02T12:23:46","modified_gmt":"2024-08-02T12:23:46","slug":"privacy-policy","status":"publish","type":"page","link":"https:\/\/teesinthebox.com\/fr\/privacy-policy\/","title":{"rendered":"Privacy Policy"},"content":{"rendered":"<section  class=\"section no\"><div class=\"row\"><div class=\"wpb_column col-md-12 have-padding\"><div class=\"item-padd-mob section-text text-block\" ><div class=\"simple-text md\"><h3 class=\"wp-block-heading has-text-color\"><strong>Quem \u00e9 o Respons\u00e1vel Pelos Seus Dados?<\/strong><\/h3>\n<p>&nbsp;<\/p>\n<p><strong>Entidade:<\/strong> T\u00b4s in the Box.<\/p>\n<p><strong>Morada:<\/strong> Rua de Santa Eul\u00e1lia, 2362, Lote 1 \u2013 Pavilh\u00e3o 1\/2 Guimar\u00e3es 4800-098<\/p>\n<p><strong>Telefones:<\/strong> (+351) 253 463 342\u00a0 (Chamada para a rede fixa nacional)<\/p>\n<p><strong>Email:<\/strong> info@teesinthebox.com<\/p>\n<p>&nbsp;<\/p>\n<h3 class=\"wp-block-heading has-text-color\"><strong>Com Que Finalidade S\u00e3o Recolhidos Os Seus Dados Pessoais?<\/strong><\/h3>\n<p>&nbsp;<\/p>\n<p>Na Lunefe recolhemos e tratamos a informa\u00e7\u00e3o que nos faculta tendo como intuito responder \u00e0s quest\u00f5es que nos coloca, atrav\u00e9s do nosso formul\u00e1rio de contacto, e fazer-lhe chegar informa\u00e7\u00e3o que seja do seu interesse atrav\u00e9s dos nossos canais de comunica\u00e7\u00e3o.<\/p>\n<p>Essa informa\u00e7\u00e3o permanecer\u00e1 armazenada at\u00e9 que nos solicite a sua supress\u00e3o.<\/p>\n<h3>\u00a0<\/h3>\n<h3 class=\"wp-block-heading has-text-color\"><strong>Qual a Legitimidade Para O Tratamento Dos Seus Dados?<\/strong><\/h3>\n<p>&nbsp;<\/p>\n<p>As bases legais para o tratamento dos seus dados pessoais s\u00e3o as seguintes:<\/p>\n<p>\u2013 Execu\u00e7\u00e3o do contrato de subscri\u00e7\u00e3o para lhe fazer chegar informa\u00e7\u00e3o que seja do seu interesse atrav\u00e9s dos nossos canais de comunica\u00e7\u00e3o.<br \/>\u2013 Obten\u00e7\u00e3o do seu consentimento para responder \u00e0s quest\u00f5es que nos coloca atrav\u00e9s do nosso formul\u00e1rio de contacto.<\/p>\n<p>Recorde que n\u00e3o \u00e9 obrigado a dar-nos o seu consentimento para o tratamento dos seus dados, no entanto, ao n\u00e3o o fazer, a T\u00b4s in the Box n\u00e3o poder\u00e1 enviar-lhe a informa\u00e7\u00e3o do seu interesse<\/p>\n<p>&nbsp;<\/p>\n<h3 class=\"wp-block-heading has-text-color\"><strong>A Quem Comunicaremos Os Seus Dados?<\/strong><\/h3>\n<p>&nbsp;<\/p>\n<p>Os dados que nos facilitar ser\u00e3o apenas utilizados pela Lunefe. Garantimos que n\u00e3o h\u00e1 transfer\u00eancia dos mesmos para entidades externas \u00e0 T\u00b4s in the Box.<\/p>\n<p>&nbsp;<\/p>\n<h3 class=\"wp-block-heading has-text-color\"><strong>Por Quanto Tempo Guardamos Os Seus Dados?<\/strong><\/h3>\n<p>Os dados pessoais facultados ficar\u00e3o guardados at\u00e9 que nos solicite a supress\u00e3o dos mesmos.<\/p>\n<h3>\u00a0<\/h3>\n<h3 class=\"wp-block-heading has-text-color\"><strong>Que Diretos Tem Quando Nos D\u00e1 Os Seus Dados De Car\u00e1ter Pessoal?<\/strong><\/h3>\n<p>&nbsp;<\/p>\n<p>\u2013 Direito a solicitar o acesso aos seus dados pessoais.<\/p>\n<p>\u2013 Direito a solicitar a retifica\u00e7\u00e3o ou supress\u00e3o.<\/p>\n<p>\u2013 Direito a solicitar a limita\u00e7\u00e3o do tratamento da informa\u00e7\u00e3o.<\/p>\n<p>\u2013 Direito a opor-se ao tratamento.<\/p>\n<p>\u2013 Direito \u00e0 portabilidade dos dados.<\/p>\n<p>Informamos tamb\u00e9m que, se deu o seu consentimento para alguma finalidade espec\u00edfica, tem direito \u00e0 retirada a qualquer momento, sem que isso afete a licitude do tratamento baseado no consentimento pr\u00e9vio \u00e0 sua retirada.<\/p>\n<p>&nbsp;<\/p>\n<h3 class=\"wp-block-heading has-text-color\"><strong>Pol\u00edtica De Cookies<\/strong><\/h3>\n<p>&nbsp;<\/p>\n<p>Este website usa cookies. Os cookies s\u00e3o arquivos armazenados num sistema inform\u00e1tico atrav\u00e9s de um navegador da Internet. Os cookies permitem reconhecer os utilizadores do nosso website. O titular dos dados pode, a qualquer momento, impedir a configura\u00e7\u00e3o dos cookies atrav\u00e9s da configura\u00e7\u00e3o do navegador da Internet. Em fun\u00e7\u00e3o do navegador utilizado, poder\u00e1 optar por: recusar determinados tipos de cookies; recusar cookies de terceiros; aceitar apenas cookies n\u00e3o persistentes, ver e apagar cookies individualmente.<\/p>\n<p>Mais informamos de que pode apresentar as suas d\u00favidas atrav\u00e9s do nosso endere\u00e7o: info@teesinthebox.com.<\/p>\n<\/div><\/div><\/div><\/div><\/section>","protected":false},"excerpt":{"rendered":"Quem \u00e9 o Respons\u00e1vel Pelos Seus Dados? &nbsp; Entidade: T\u00b4s in the Box. Morada: Rua de Santa Eul\u00e1lia, 2362, Lote 1 \u2013 Pavilh\u00e3o 1\/2 Guimar\u00e3es 4800-098 Telefones: (+351) 253 463 342\u00a0 (Chamada para a rede fixa nacional) Email: info@teesinthebox.com &nbsp; Com Que Finalidade S\u00e3o Recolhidos Os Seus Dados Pessoais? &nbsp; Na Lunefe recolhemos e tratamos [...]","protected":false},"author":1,"featured_media":0,"parent":0,"menu_order":0,"comment_status":"closed","ping_status":"open","template":"","meta":{"_monsterinsights_skip_tracking":false,"_monsterinsights_sitenote_active":false,"_monsterinsights_sitenote_note":"","_monsterinsights_sitenote_category":0,"footnotes":""},"class_list":["post-3","page","type-page","status-publish","hentry"],"aioseo_notices":[],"_links":{"self":[{"href":"https:\/\/teesinthebox.com\/fr\/wp-json\/wp\/v2\/pages\/3"}],"collection":[{"href":"https:\/\/teesinthebox.com\/fr\/wp-json\/wp\/v2\/pages"}],"about":[{"href":"https:\/\/teesinthebox.com\/fr\/wp-json\/wp\/v2\/types\/page"}],"author":[{"embeddable":true,"href":"https:\/\/teesinthebox.com\/fr\/wp-json\/wp\/v2\/users\/1"}],"replies":[{"embeddable":true,"href":"https:\/\/teesinthebox.com\/fr\/wp-json\/wp\/v2\/comments?post=3"}],"version-history":[{"count":2,"href":"https:\/\/teesinthebox.com\/fr\/wp-json\/wp\/v2\/pages\/3\/revisions"}],"predecessor-version":[{"id":1787,"href":"https:\/\/teesinthebox.com\/fr\/wp-json\/wp\/v2\/pages\/3\/revisions\/1787"}],"wp:attachment":[{"href":"https:\/\/teesinthebox.com\/fr\/wp-json\/wp\/v2\/media?parent=3"}],"curies":[{"name":"wp","href":"https:\/\/api.w.org\/{rel}","templated":true}]}}