{"id":782,"date":"2023-04-11T15:07:19","date_gmt":"2023-04-11T15:07:19","guid":{"rendered":"https:\/\/teesinthebox.com\/?page_id=782"},"modified":"2024-06-27T07:54:17","modified_gmt":"2024-06-27T07:54:17","slug":"sobre-nos","status":"publish","type":"page","link":"https:\/\/teesinthebox.com\/fr\/sobre-nos\/","title":{"rendered":"Qui sommes-nous"},"content":{"rendered":"<section  class=\"section no\"><div class=\"row\"><div class=\"wpb_column col-md-6 have-padding\"><div class=\"item-padd-mob section-text text-block\" ><div class=\"simple-text lg\"><p style=\"text-align: center\">T\u2019S in The Box a \u00e9t\u00e9 cr\u00e9\u00e9e pour explorer le potentiel de cette mati\u00e8re premi\u00e8re unique appel\u00e9e DENIM.<\/p>\n<\/div><\/div><\/div><div class=\"wpb_column col-md-6 have-padding\"><div class=\"item-padd-mob section-text text-block\" ><div class=\"simple-text lg\"><p style=\"text-align: center\">20 ans d\u2019experience au service de marques prestigieuses afin de transformer leur vision en un product exclusif.<\/p>\n<\/div><\/div><\/div><\/div><\/section><section  class=\"section no\"><div class=\"row\"><div class=\"wpb_column col-md-6 have-padding\"><div class=\"item-padd-mob section-text text-block\" ><div class=\"simple-text lg\"><p style=\"text-align: center\">L'expertise et la technologie, avec un accent particulier sur la durabilit\u00e9, nous permettent d'atteindre des normes de qualit\u00e9 \u00e9lev\u00e9es et d'innover en permanence.<\/p>\n<\/div><\/div><\/div><div class=\"wpb_column col-md-6 have-padding\">\n\t<div  class=\"wpb_single_image wpb_content_element vc_align_center\">\n\t\t\n\t\t<figure class=\"wpb_wrapper vc_figure\">\n\t\t\t<div class=\"vc_single_image-wrapper vc_box_shadow_3d  vc_box_border_grey\"><img loading=\"lazy\" decoding=\"async\" class=\"vc_single_image-img\" src=\"https:\/\/teesinthebox.com\/wp-content\/uploads\/2024\/03\/Imagem_home_texto_empresa-2-400x200.jpg\" width=\"400\" height=\"200\" alt=\"Imagem_home_texto_empresa\" title=\"Imagem_home_texto_empresa\" \/><\/div>\n\t\t<\/figure>\n\t<\/div>\n<\/div><\/div><\/section><section  class=\"section no  vc_custom_1709306423019\"><div class=\"row\"><div class=\"wpb_column col-md-12 have-padding\"><h1  class=\"special-text custom-font-properties-1775373935-635614680\">\n<div style=\"width: 1140px;\" class=\"wp-video\"><!--[if lt IE 9]><script>document.createElement('video');<\/script><![endif]-->\n<video class=\"wp-video-shortcode\" id=\"video-782-1\" width=\"1140\" height=\"641\" loop=\"1\" autoplay=\"1\" preload=\"auto\" controls=\"controls\"><source type=\"video\/mp4\" src=\"https:\/\/teesinthebox.com\/VIDEO.mp4?_=1\" \/><a href=\"https:\/\/teesinthebox.com\/VIDEO.mp4\">https:\/\/teesinthebox.com\/VIDEO.mp4<\/a><\/video><\/div>\n<\/h1><\/div><\/div><\/section>","protected":false},"excerpt":{"rendered":"T\u2019S in The Box was created to explore the potential of this unique raw material called DENIM. 20 years of experience supporting prestigious brands to transform their vision into an exclusive successful product. Expertise and technology, with a particular focus on sustainability, allow us to reach high quality standards and continuous innovation. https:\/\/teesinthebox.com\/VIDEO.mp4","protected":false},"author":1,"featured_media":0,"parent":0,"menu_order":0,"comment_status":"closed","ping_status":"closed","template":"","meta":{"_monsterinsights_skip_tracking":false,"_monsterinsights_sitenote_active":false,"_monsterinsights_sitenote_note":"","_monsterinsights_sitenote_category":0,"footnotes":""},"class_list":["post-782","page","type-page","status-publish","hentry"],"aioseo_notices":[],"_links":{"self":[{"href":"https:\/\/teesinthebox.com\/fr\/wp-json\/wp\/v2\/pages\/782"}],"collection":[{"href":"https:\/\/teesinthebox.com\/fr\/wp-json\/wp\/v2\/pages"}],"about":[{"href":"https:\/\/teesinthebox.com\/fr\/wp-json\/wp\/v2\/types\/page"}],"author":[{"embeddable":true,"href":"https:\/\/teesinthebox.com\/fr\/wp-json\/wp\/v2\/users\/1"}],"replies":[{"embeddable":true,"href":"https:\/\/teesinthebox.com\/fr\/wp-json\/wp\/v2\/comments?post=782"}],"version-history":[{"count":62,"href":"https:\/\/teesinthebox.com\/fr\/wp-json\/wp\/v2\/pages\/782\/revisions"}],"predecessor-version":[{"id":1702,"href":"https:\/\/teesinthebox.com\/fr\/wp-json\/wp\/v2\/pages\/782\/revisions\/1702"}],"wp:attachment":[{"href":"https:\/\/teesinthebox.com\/fr\/wp-json\/wp\/v2\/media?parent=782"}],"curies":[{"name":"wp","href":"https:\/\/api.w.org\/{rel}","templated":true}]}}